{"id":1499,"date":"2018-06-02T06:42:09","date_gmt":"2018-06-02T06:42:11","guid":{"rendered":"http:\/\/digimax.md\/?post_type=product&#038;p=1499"},"modified":"2024-06-07T07:44:56","modified_gmt":"2024-06-07T07:44:56","slug":"fob-02-16-ftth-box-de-distributie-gri","status":"publish","type":"product","link":"https:\/\/digimax.md\/ru\/product\/fob-02-16-ftth-box-de-distributie-gri\/","title":{"rendered":"FOB-02-16 FTTH Box de distributie GRI"},"content":{"rendered":"<p>FOB-02-16 cutie optice pentru utilizare \u00een re\u021bele de fibr\u0103 optic\u0103 dezvoltate (FTTH, PON, etc). Acesta poate fi folosit ca un nod de cross-over pentru implementarea dispozitivelor de intrare-distribu\u021bie, cruci de telecomunica\u021bii. Cutia FOB-02-16 permite fierberea a p\u00e2n\u0103 la 24 de fibre optice. Permite introducerea a dou\u0103 cabluri optice lineare \u0219i p\u00e2n\u0103 la 16 adaptere de abonat.<\/p>\n<p>Cutia este o carcas\u0103 din plastic robust\u0103 cu conectori de cablu \u0219i optici localiza\u021bi \u00een interior. Plasticul casetei este stabilizat la influen\u021ba radia\u021biilor ultraviolete \u0219i a fluctua\u021biilor de temperatur\u0103. Carcasa garnitur\u0103 de cauciuc \u0219i de intrare de cablu grommets protejeaz\u0103 cutia \u00eempotriva prafului \u0219i a pic\u0103turilor de ap\u0103, care s\u0103 \u00eei permit\u0103 s\u0103 func\u021bioneze \u00eentr-un spa\u021biu deschis. Nu scufunda\u021bi complet cutia \u00een ap\u0103 \u00een timpul func\u021bion\u0103rii. Designul suporturilor pentru cutii optice permite amplasarea lor pe stalpi sau pe pere\u021bi sau pe alte suprafe\u021be.<\/p>\n<p>In interiorul cutiei FOB-02-16 este articulat plac\u0103 de montaj, care este plasat pe un metal de montare la 16 optice de tip adaptori SC (nu intra in set). Pe cealalt\u0103 parte a panoului exist\u0103 locuri pentru fixarea man\u0219oanelor de protec\u021bie \u0219i pozi\u021bionarea separatoarelor optice ale PLC-ului. Acest design a permis s\u0103 ofere calit\u0103\u021bi excelente func\u021bionale \u0219i ergonomice, cu dimensiuni mici ale cutiei \u00een sine. Dimensiunea intr\u0103rilor abonatului v\u0103 permite s\u0103 introduce\u021bi \u00een cutie patch-uri cu conectori instala\u021bi.<\/p>\n<p>Un \u0219urub special care fixeaz\u0103 capacul cutiei restric\u021bioneaz\u0103 accesul \u00een interiorul persoanelor neautorizate.<\/p>\n<table class=\"sp_table2\" style=\"font-size: 14.4px;\">\n<tbody>\n<tr>\n<td>Cantitatea Cabluri intrari<\/td>\n<td>2<\/td>\n<\/tr>\n<tr>\n<td>Diametrul cablului maximal, \u043c\u043c<\/td>\n<td>13<\/td>\n<\/tr>\n<tr>\n<td>Numarul de cabluri FTTH<\/td>\n<td>16<\/td>\n<\/tr>\n<tr>\n<td>Tip cablu FTTH<\/td>\n<td>\u00d83\u00a0\u043c\u043c (rotund) sau 2\u00d73\u00a0\u043c\u043c (FTTH) flat<\/td>\n<\/tr>\n<tr>\n<td>Cantitatea de socluri pentru adaptere de tip SC<\/td>\n<td>16<\/td>\n<\/tr>\n<tr>\n<td>Numarul de suduri maximal<\/td>\n<td>24<\/td>\n<\/tr>\n<tr>\n<td>Dimensiuni box, \u043c\u043c<\/td>\n<td>320 \u00d7 255 \u00d7 95<\/td>\n<\/tr>\n<tr>\n<td>Greutatea, kg<\/td>\n<td>1.15 (1.3 in cutie)<\/td>\n<\/tr>\n<\/tbody>\n<\/table>\n<div class=\"tab-content\">\n<div id=\"description\" class=\"tab-pane rl_tabs-pane nn_tabs-pane active green fade in\" role=\"tabpanel\" aria-labelledby=\"tab-description\" aria-hidden=\"false\">\n<p>In set:<\/p>\n<ul>\n<li>Chee<\/li>\n<li>Tice plastic<\/li>\n<li>Dubluri<\/li>\n<li>Banda Izolanta<\/li>\n<li>Tuburi termotractabile de protectie \u2014 16\u00a0\u0448\u0442.<\/li>\n<li>Surub pentru intarirea adapterilor<\/li>\n<li>Blocaj pentru intrarile de cabluri<\/li>\n<li>Tub de protectie pentru montarea fibrei optice<\/li>\n<\/ul>\n<\/div>\n<\/div>\n","protected":false},"excerpt":{"rendered":"<p>Cutia optica FOB-04-16 este destinata utilizarii in retelele cu fibra optica de tip FTTH dezvoltate (FTTH, PON, etc.).<\/p>\n","protected":false},"featured_media":1501,"template":"","meta":[],"pwb-brand":[347],"product_brand":[],"product_cat":[289],"product_tag":[],"class_list":{"0":"post-1499","1":"product","2":"type-product","3":"status-publish","4":"has-post-thumbnail","6":"pwb-brand-digimax","7":"product_cat-boxe_optice_fob","9":"first","10":"instock","11":"taxable","12":"shipping-taxable","13":"product-type-simple"},"yoast_head":"<!-- This site is optimized with the Yoast SEO plugin v26.9 - https:\/\/yoast.com\/product\/yoast-seo-wordpress\/ -->\n<title>FOB-02-16 FTTH Box de distributie GRI -<\/title>\n<meta name=\"robots\" content=\"index, follow, max-snippet:-1, max-image-preview:large, max-video-preview:-1\" \/>\n<link rel=\"canonical\" href=\"https:\/\/digimax.md\/ru\/product\/fob-02-16-ftth-box-de-distributie-gri\/\" \/>\n<meta property=\"og:locale\" content=\"ru_RU\" \/>\n<meta property=\"og:type\" content=\"article\" \/>\n<meta property=\"og:title\" content=\"FOB-02-16 FTTH Box de distributie GRI -\" \/>\n<meta property=\"og:description\" content=\"Cutia optica FOB-04-16 este destinata utilizarii in retelele cu fibra optica de tip FTTH dezvoltate (FTTH, PON, etc.).\" \/>\n<meta property=\"og:url\" content=\"https:\/\/digimax.md\/ru\/product\/fob-02-16-ftth-box-de-distributie-gri\/\" \/>\n<meta property=\"article:modified_time\" content=\"2024-06-07T07:44:56+00:00\" \/>\n<meta property=\"og:image\" content=\"https:\/\/digimax.md\/wp-content\/uploads\/2018\/06\/Screen-Shot-2018-06-02-at-09.34.04.png\" \/>\n\t<meta property=\"og:image:width\" content=\"538\" \/>\n\t<meta property=\"og:image:height\" content=\"590\" \/>\n\t<meta property=\"og:image:type\" content=\"image\/png\" \/>\n<meta name=\"twitter:card\" content=\"summary_large_image\" \/>\n<meta name=\"twitter:label1\" content=\"\u041f\u0440\u0438\u043c\u0435\u0440\u043d\u043e\u0435 \u0432\u0440\u0435\u043c\u044f \u0434\u043b\u044f \u0447\u0442\u0435\u043d\u0438\u044f\" \/>\n\t<meta name=\"twitter:data1\" content=\"2 \u043c\u0438\u043d\u0443\u0442\u044b\" \/>\n<script type=\"application\/ld+json\" class=\"yoast-schema-graph\">{\"@context\":\"https:\/\/schema.org\",\"@graph\":[{\"@type\":\"WebPage\",\"@id\":\"https:\/\/digimax.md\/ru\/product\/fob-02-16-ftth-box-de-distributie-gri\/\",\"url\":\"https:\/\/digimax.md\/ru\/product\/fob-02-16-ftth-box-de-distributie-gri\/\",\"name\":\"FOB-02-16 FTTH Box de distributie GRI -\",\"isPartOf\":{\"@id\":\"https:\/\/digimax.md\/ru\/#website\"},\"primaryImageOfPage\":{\"@id\":\"https:\/\/digimax.md\/ru\/product\/fob-02-16-ftth-box-de-distributie-gri\/#primaryimage\"},\"image\":{\"@id\":\"https:\/\/digimax.md\/ru\/product\/fob-02-16-ftth-box-de-distributie-gri\/#primaryimage\"},\"thumbnailUrl\":\"https:\/\/digimax.md\/wp-content\/uploads\/2018\/06\/Screen-Shot-2018-06-02-at-09.34.04.png\",\"datePublished\":\"2018-06-02T06:42:11+00:00\",\"dateModified\":\"2024-06-07T07:44:56+00:00\",\"breadcrumb\":{\"@id\":\"https:\/\/digimax.md\/ru\/product\/fob-02-16-ftth-box-de-distributie-gri\/#breadcrumb\"},\"inLanguage\":\"ru-RU\",\"potentialAction\":[{\"@type\":\"ReadAction\",\"target\":[[\"https:\/\/digimax.md\/ru\/product\/fob-02-16-ftth-box-de-distributie-gri\/\"]]}]},{\"@type\":\"ImageObject\",\"inLanguage\":\"ru-RU\",\"@id\":\"https:\/\/digimax.md\/ru\/product\/fob-02-16-ftth-box-de-distributie-gri\/#primaryimage\",\"url\":\"https:\/\/digimax.md\/wp-content\/uploads\/2018\/06\/Screen-Shot-2018-06-02-at-09.34.04.png\",\"contentUrl\":\"https:\/\/digimax.md\/wp-content\/uploads\/2018\/06\/Screen-Shot-2018-06-02-at-09.34.04.png\",\"width\":538,\"height\":590},{\"@type\":\"BreadcrumbList\",\"@id\":\"https:\/\/digimax.md\/ru\/product\/fob-02-16-ftth-box-de-distributie-gri\/#breadcrumb\",\"itemListElement\":[{\"@type\":\"ListItem\",\"position\":1,\"name\":\"\u0413\u043b\u0430\u0432\u043d\u0430\u044f \u0441\u0442\u0440\u0430\u043d\u0438\u0446\u0430\",\"item\":\"https:\/\/digimax.md\/ru\/\"},{\"@type\":\"ListItem\",\"position\":2,\"name\":\"(Rom\u00e2n\u0103) Shop\",\"item\":\"https:\/\/digimax.md\/ru\/shop\/\"},{\"@type\":\"ListItem\",\"position\":3,\"name\":\"FOB-02-16 FTTH Box de distributie GRI\"}]},{\"@type\":\"WebSite\",\"@id\":\"https:\/\/digimax.md\/ru\/#website\",\"url\":\"https:\/\/digimax.md\/ru\/\",\"name\":\"\",\"description\":\"\",\"potentialAction\":[{\"@type\":\"SearchAction\",\"target\":{\"@type\":\"EntryPoint\",\"urlTemplate\":\"https:\/\/digimax.md\/ru\/?s={search_term_string}\"},\"query-input\":{\"@type\":\"PropertyValueSpecification\",\"valueRequired\":true,\"valueName\":\"search_term_string\"}}],\"inLanguage\":\"ru-RU\"}]}<\/script>\n<!-- \/ Yoast SEO plugin. -->","yoast_head_json":{"title":"FOB-02-16 FTTH Box de distributie GRI -","robots":{"index":"index","follow":"follow","max-snippet":"max-snippet:-1","max-image-preview":"max-image-preview:large","max-video-preview":"max-video-preview:-1"},"canonical":"https:\/\/digimax.md\/ru\/product\/fob-02-16-ftth-box-de-distributie-gri\/","og_locale":"ru_RU","og_type":"article","og_title":"FOB-02-16 FTTH Box de distributie GRI -","og_description":"Cutia optica FOB-04-16 este destinata utilizarii in retelele cu fibra optica de tip FTTH dezvoltate (FTTH, PON, etc.).","og_url":"https:\/\/digimax.md\/ru\/product\/fob-02-16-ftth-box-de-distributie-gri\/","article_modified_time":"2024-06-07T07:44:56+00:00","og_image":[{"width":538,"height":590,"url":"https:\/\/digimax.md\/wp-content\/uploads\/2018\/06\/Screen-Shot-2018-06-02-at-09.34.04.png","type":"image\/png"}],"twitter_card":"summary_large_image","twitter_misc":{"\u041f\u0440\u0438\u043c\u0435\u0440\u043d\u043e\u0435 \u0432\u0440\u0435\u043c\u044f \u0434\u043b\u044f \u0447\u0442\u0435\u043d\u0438\u044f":"2 \u043c\u0438\u043d\u0443\u0442\u044b"},"schema":{"@context":"https:\/\/schema.org","@graph":[{"@type":"WebPage","@id":"https:\/\/digimax.md\/ru\/product\/fob-02-16-ftth-box-de-distributie-gri\/","url":"https:\/\/digimax.md\/ru\/product\/fob-02-16-ftth-box-de-distributie-gri\/","name":"FOB-02-16 FTTH Box de distributie GRI -","isPartOf":{"@id":"https:\/\/digimax.md\/ru\/#website"},"primaryImageOfPage":{"@id":"https:\/\/digimax.md\/ru\/product\/fob-02-16-ftth-box-de-distributie-gri\/#primaryimage"},"image":{"@id":"https:\/\/digimax.md\/ru\/product\/fob-02-16-ftth-box-de-distributie-gri\/#primaryimage"},"thumbnailUrl":"https:\/\/digimax.md\/wp-content\/uploads\/2018\/06\/Screen-Shot-2018-06-02-at-09.34.04.png","datePublished":"2018-06-02T06:42:11+00:00","dateModified":"2024-06-07T07:44:56+00:00","breadcrumb":{"@id":"https:\/\/digimax.md\/ru\/product\/fob-02-16-ftth-box-de-distributie-gri\/#breadcrumb"},"inLanguage":"ru-RU","potentialAction":[{"@type":"ReadAction","target":[["https:\/\/digimax.md\/ru\/product\/fob-02-16-ftth-box-de-distributie-gri\/"]]}]},{"@type":"ImageObject","inLanguage":"ru-RU","@id":"https:\/\/digimax.md\/ru\/product\/fob-02-16-ftth-box-de-distributie-gri\/#primaryimage","url":"https:\/\/digimax.md\/wp-content\/uploads\/2018\/06\/Screen-Shot-2018-06-02-at-09.34.04.png","contentUrl":"https:\/\/digimax.md\/wp-content\/uploads\/2018\/06\/Screen-Shot-2018-06-02-at-09.34.04.png","width":538,"height":590},{"@type":"BreadcrumbList","@id":"https:\/\/digimax.md\/ru\/product\/fob-02-16-ftth-box-de-distributie-gri\/#breadcrumb","itemListElement":[{"@type":"ListItem","position":1,"name":"\u0413\u043b\u0430\u0432\u043d\u0430\u044f \u0441\u0442\u0440\u0430\u043d\u0438\u0446\u0430","item":"https:\/\/digimax.md\/ru\/"},{"@type":"ListItem","position":2,"name":"(Rom\u00e2n\u0103) Shop","item":"https:\/\/digimax.md\/ru\/shop\/"},{"@type":"ListItem","position":3,"name":"FOB-02-16 FTTH Box de distributie GRI"}]},{"@type":"WebSite","@id":"https:\/\/digimax.md\/ru\/#website","url":"https:\/\/digimax.md\/ru\/","name":"","description":"","potentialAction":[{"@type":"SearchAction","target":{"@type":"EntryPoint","urlTemplate":"https:\/\/digimax.md\/ru\/?s={search_term_string}"},"query-input":{"@type":"PropertyValueSpecification","valueRequired":true,"valueName":"search_term_string"}}],"inLanguage":"ru-RU"}]}},"brands":[{"id":347,"name":"DIGIMAX","slug":"digimax"}],"_links":{"self":[{"href":"https:\/\/digimax.md\/ru\/wp-json\/wp\/v2\/product\/1499","targetHints":{"allow":["GET"]}}],"collection":[{"href":"https:\/\/digimax.md\/ru\/wp-json\/wp\/v2\/product"}],"about":[{"href":"https:\/\/digimax.md\/ru\/wp-json\/wp\/v2\/types\/product"}],"wp:featuredmedia":[{"embeddable":true,"href":"https:\/\/digimax.md\/ru\/wp-json\/wp\/v2\/media\/1501"}],"wp:attachment":[{"href":"https:\/\/digimax.md\/ru\/wp-json\/wp\/v2\/media?parent=1499"}],"wp:term":[{"taxonomy":"pwb-brand","embeddable":true,"href":"https:\/\/digimax.md\/ru\/wp-json\/wp\/v2\/pwb-brand?post=1499"},{"taxonomy":"product_brand","embeddable":true,"href":"https:\/\/digimax.md\/ru\/wp-json\/wp\/v2\/product_brand?post=1499"},{"taxonomy":"product_cat","embeddable":true,"href":"https:\/\/digimax.md\/ru\/wp-json\/wp\/v2\/product_cat?post=1499"},{"taxonomy":"product_tag","embeddable":true,"href":"https:\/\/digimax.md\/ru\/wp-json\/wp\/v2\/product_tag?post=1499"}],"curies":[{"name":"wp","href":"https:\/\/api.w.org\/{rel}","templated":true}]}}