{"id":1324,"date":"2018-05-06T08:45:49","date_gmt":"2018-05-06T08:45:49","guid":{"rendered":"http:\/\/digimax.md\/product\/fosc-400a-fiber-closure\/"},"modified":"2024-06-07T07:53:22","modified_gmt":"2024-06-07T07:53:22","slug":"fosc-400a-fiber-closure","status":"publish","type":"product","link":"http:\/\/digimax.md\/ru\/product\/fosc-400a-fiber-closure\/","title":{"rendered":"FOSC-400A\/48 (M1)-Fiber Closure"},"content":{"rendered":"<p>Cuplaj optic dimensiune medie FOSC-400A. Capacitatea maxim\u0103 &#8211; 48 suduri (2 casete). FOSC-400A de cuplare proiectat pentru conectarea cablului cu num\u0103rul mediu de fibre robinet-off \u0219i compu\u0219ii, de asemenea, pot fi stocate module \u201etranzit\u201c. \u00centr-un ambreiaj poate fi setat la 4 casete capacitan\u021b\u0103 12, 16 sau 24 de \u00eembin\u0103ri sudate. Pentru a introduce cablurile \u00een cutia sunt prev\u0103zute cu patru porturi circulare (cablu diametru administrat &#8211; de la 5 mm p\u00e2n\u0103 la 19 mm) \u0219i un port oval pentru dou\u0103 cabluri (diametru cablu administrat &#8211; de la 10 mm p\u00e2n\u0103 la 25 mm)<a href=\"http:\/\/piwkoscian.pl\/wp-content\/uploads\/2017\/\">.<\/a> Acesta poate fi utilizat pentru cabluri prev\u0103zute direct \u00een sol, \u00een canale de cabluri sau suspendate.<\/p>\n<table class=\"sp_table2\" cellspacing=\"0\">\n<tbody>\n<tr>\n<td valign=\"top\">Num\u0103rul de porturi de intrare a cablului \u0219i cel maxim. diametru, mm<\/td>\n<td valign=\"top\">\n<div align=\"center\">4 \u00d7 19,\u00a0\u00a0 1 \u00d7 25 (sau 2 \u00d7 25)<\/div>\n<\/td>\n<\/tr>\n<tr>\n<td valign=\"top\">Max. num\u0103rul de casete de \u00eembinare \u00een tipul cuplajului \u0219i casetei<\/td>\n<td valign=\"top\">\n<div align=\"center\">2 \u00d7 S1 (sau S2)<\/div>\n<\/td>\n<\/tr>\n<tr>\n<td valign=\"top\">Num\u0103rul maxim de suduri \u00een cuplaj<\/td>\n<td valign=\"top\">\n<div align=\"center\">48<\/div>\n<\/td>\n<\/tr>\n<tr>\n<td valign=\"top\">Dimensiuni totale, mm<\/td>\n<td valign=\"top\">\n<div align=\"center\">540 \u00d7 205<\/div>\n<\/td>\n<\/tr>\n<\/tbody>\n<\/table>\n<ul>\n<li>cuplaj &#8211; 1 buc;<br \/>\ncaset\u0103 de \u00eembinare &#8211; p\u00e2n\u0103 la 4 buc\u0103\u021bi;<br \/>\nMan\u0219on de protec\u021bie termocontractibil 40mm &#8211; 48 buc;<br \/>\nset de tuburi termocontractabile &#8211; 5 buc\u0103\u021bi (pentru toate porturile);<br \/>\n\u0219mirghel, cravate de nylon, band\u0103 izolatoare, etichet\u0103 de marcare, instruc\u021biuni de instalare.<\/li>\n<\/ul>\n","protected":false},"excerpt":{"rendered":"<p>Capacitate medie FOSC-400A pentru ambreiaj optic. Capacitatea maxim\u0103 este de 96 de \u00eembin\u0103ri sudate (4 casete).<\/p>\n","protected":false},"featured_media":1328,"template":"","meta":[],"pwb-brand":[],"product_brand":[],"product_cat":[288],"product_tag":[],"class_list":{"0":"post-1324","1":"product","2":"type-product","3":"status-publish","4":"has-post-thumbnail","6":"product_cat-mansoane_optice","8":"first","9":"instock","10":"taxable","11":"shipping-taxable","12":"product-type-simple"},"yoast_head":"<!-- This site is optimized with the Yoast SEO plugin v26.9 - https:\/\/yoast.com\/product\/yoast-seo-wordpress\/ -->\n<title>FOSC-400A\/48 (M1)-Fiber Closure -<\/title>\n<meta name=\"robots\" content=\"index, follow, max-snippet:-1, max-image-preview:large, max-video-preview:-1\" \/>\n<link rel=\"canonical\" href=\"http:\/\/digimax.md\/ru\/product\/fosc-400a-fiber-closure\/\" \/>\n<meta property=\"og:locale\" content=\"ru_RU\" \/>\n<meta property=\"og:type\" content=\"article\" \/>\n<meta property=\"og:title\" content=\"FOSC-400A\/48 (M1)-Fiber Closure -\" \/>\n<meta property=\"og:description\" content=\"Capacitate medie FOSC-400A pentru ambreiaj optic. Capacitatea maxim\u0103 este de 96 de \u00eembin\u0103ri sudate (4 casete).\" \/>\n<meta property=\"og:url\" content=\"http:\/\/digimax.md\/ru\/product\/fosc-400a-fiber-closure\/\" \/>\n<meta property=\"article:modified_time\" content=\"2024-06-07T07:53:22+00:00\" \/>\n<meta property=\"og:image\" content=\"http:\/\/digimax.md\/wp-content\/uploads\/2018\/05\/FOSC-400-1.jpg\" \/>\n\t<meta property=\"og:image:width\" content=\"1024\" \/>\n\t<meta property=\"og:image:height\" content=\"686\" \/>\n\t<meta property=\"og:image:type\" content=\"image\/jpeg\" \/>\n<meta name=\"twitter:card\" content=\"summary_large_image\" \/>\n<meta name=\"twitter:label1\" content=\"\u041f\u0440\u0438\u043c\u0435\u0440\u043d\u043e\u0435 \u0432\u0440\u0435\u043c\u044f \u0434\u043b\u044f \u0447\u0442\u0435\u043d\u0438\u044f\" \/>\n\t<meta name=\"twitter:data1\" content=\"1 \u043c\u0438\u043d\u0443\u0442\u0430\" \/>\n<script type=\"application\/ld+json\" class=\"yoast-schema-graph\">{\"@context\":\"https:\/\/schema.org\",\"@graph\":[{\"@type\":\"WebPage\",\"@id\":\"http:\/\/digimax.md\/ru\/product\/fosc-400a-fiber-closure\/\",\"url\":\"http:\/\/digimax.md\/ru\/product\/fosc-400a-fiber-closure\/\",\"name\":\"FOSC-400A\/48 (M1)-Fiber Closure -\",\"isPartOf\":{\"@id\":\"http:\/\/digimax.md\/ru\/#website\"},\"primaryImageOfPage\":{\"@id\":\"http:\/\/digimax.md\/ru\/product\/fosc-400a-fiber-closure\/#primaryimage\"},\"image\":{\"@id\":\"http:\/\/digimax.md\/ru\/product\/fosc-400a-fiber-closure\/#primaryimage\"},\"thumbnailUrl\":\"http:\/\/digimax.md\/wp-content\/uploads\/2018\/05\/FOSC-400-1.jpg\",\"datePublished\":\"2018-05-06T08:45:49+00:00\",\"dateModified\":\"2024-06-07T07:53:22+00:00\",\"breadcrumb\":{\"@id\":\"http:\/\/digimax.md\/ru\/product\/fosc-400a-fiber-closure\/#breadcrumb\"},\"inLanguage\":\"ru-RU\",\"potentialAction\":[{\"@type\":\"ReadAction\",\"target\":[[\"http:\/\/digimax.md\/ru\/product\/fosc-400a-fiber-closure\/\"]]}]},{\"@type\":\"ImageObject\",\"inLanguage\":\"ru-RU\",\"@id\":\"http:\/\/digimax.md\/ru\/product\/fosc-400a-fiber-closure\/#primaryimage\",\"url\":\"http:\/\/digimax.md\/wp-content\/uploads\/2018\/05\/FOSC-400-1.jpg\",\"contentUrl\":\"http:\/\/digimax.md\/wp-content\/uploads\/2018\/05\/FOSC-400-1.jpg\",\"width\":1024,\"height\":686},{\"@type\":\"BreadcrumbList\",\"@id\":\"http:\/\/digimax.md\/ru\/product\/fosc-400a-fiber-closure\/#breadcrumb\",\"itemListElement\":[{\"@type\":\"ListItem\",\"position\":1,\"name\":\"\u0413\u043b\u0430\u0432\u043d\u0430\u044f \u0441\u0442\u0440\u0430\u043d\u0438\u0446\u0430\",\"item\":\"http:\/\/digimax.md\/ru\/\"},{\"@type\":\"ListItem\",\"position\":2,\"name\":\"(Rom\u00e2n\u0103) Shop\",\"item\":\"http:\/\/digimax.md\/ru\/shop\/\"},{\"@type\":\"ListItem\",\"position\":3,\"name\":\"FOSC-400A\/48 (M1)-Fiber Closure\"}]},{\"@type\":\"WebSite\",\"@id\":\"http:\/\/digimax.md\/ru\/#website\",\"url\":\"http:\/\/digimax.md\/ru\/\",\"name\":\"\",\"description\":\"\",\"potentialAction\":[{\"@type\":\"SearchAction\",\"target\":{\"@type\":\"EntryPoint\",\"urlTemplate\":\"http:\/\/digimax.md\/ru\/?s={search_term_string}\"},\"query-input\":{\"@type\":\"PropertyValueSpecification\",\"valueRequired\":true,\"valueName\":\"search_term_string\"}}],\"inLanguage\":\"ru-RU\"}]}<\/script>\n<!-- \/ Yoast SEO plugin. -->","yoast_head_json":{"title":"FOSC-400A\/48 (M1)-Fiber Closure -","robots":{"index":"index","follow":"follow","max-snippet":"max-snippet:-1","max-image-preview":"max-image-preview:large","max-video-preview":"max-video-preview:-1"},"canonical":"http:\/\/digimax.md\/ru\/product\/fosc-400a-fiber-closure\/","og_locale":"ru_RU","og_type":"article","og_title":"FOSC-400A\/48 (M1)-Fiber Closure -","og_description":"Capacitate medie FOSC-400A pentru ambreiaj optic. Capacitatea maxim\u0103 este de 96 de \u00eembin\u0103ri sudate (4 casete).","og_url":"http:\/\/digimax.md\/ru\/product\/fosc-400a-fiber-closure\/","article_modified_time":"2024-06-07T07:53:22+00:00","og_image":[{"width":1024,"height":686,"url":"http:\/\/digimax.md\/wp-content\/uploads\/2018\/05\/FOSC-400-1.jpg","type":"image\/jpeg"}],"twitter_card":"summary_large_image","twitter_misc":{"\u041f\u0440\u0438\u043c\u0435\u0440\u043d\u043e\u0435 \u0432\u0440\u0435\u043c\u044f \u0434\u043b\u044f \u0447\u0442\u0435\u043d\u0438\u044f":"1 \u043c\u0438\u043d\u0443\u0442\u0430"},"schema":{"@context":"https:\/\/schema.org","@graph":[{"@type":"WebPage","@id":"http:\/\/digimax.md\/ru\/product\/fosc-400a-fiber-closure\/","url":"http:\/\/digimax.md\/ru\/product\/fosc-400a-fiber-closure\/","name":"FOSC-400A\/48 (M1)-Fiber Closure -","isPartOf":{"@id":"http:\/\/digimax.md\/ru\/#website"},"primaryImageOfPage":{"@id":"http:\/\/digimax.md\/ru\/product\/fosc-400a-fiber-closure\/#primaryimage"},"image":{"@id":"http:\/\/digimax.md\/ru\/product\/fosc-400a-fiber-closure\/#primaryimage"},"thumbnailUrl":"http:\/\/digimax.md\/wp-content\/uploads\/2018\/05\/FOSC-400-1.jpg","datePublished":"2018-05-06T08:45:49+00:00","dateModified":"2024-06-07T07:53:22+00:00","breadcrumb":{"@id":"http:\/\/digimax.md\/ru\/product\/fosc-400a-fiber-closure\/#breadcrumb"},"inLanguage":"ru-RU","potentialAction":[{"@type":"ReadAction","target":[["http:\/\/digimax.md\/ru\/product\/fosc-400a-fiber-closure\/"]]}]},{"@type":"ImageObject","inLanguage":"ru-RU","@id":"http:\/\/digimax.md\/ru\/product\/fosc-400a-fiber-closure\/#primaryimage","url":"http:\/\/digimax.md\/wp-content\/uploads\/2018\/05\/FOSC-400-1.jpg","contentUrl":"http:\/\/digimax.md\/wp-content\/uploads\/2018\/05\/FOSC-400-1.jpg","width":1024,"height":686},{"@type":"BreadcrumbList","@id":"http:\/\/digimax.md\/ru\/product\/fosc-400a-fiber-closure\/#breadcrumb","itemListElement":[{"@type":"ListItem","position":1,"name":"\u0413\u043b\u0430\u0432\u043d\u0430\u044f \u0441\u0442\u0440\u0430\u043d\u0438\u0446\u0430","item":"http:\/\/digimax.md\/ru\/"},{"@type":"ListItem","position":2,"name":"(Rom\u00e2n\u0103) Shop","item":"http:\/\/digimax.md\/ru\/shop\/"},{"@type":"ListItem","position":3,"name":"FOSC-400A\/48 (M1)-Fiber Closure"}]},{"@type":"WebSite","@id":"http:\/\/digimax.md\/ru\/#website","url":"http:\/\/digimax.md\/ru\/","name":"","description":"","potentialAction":[{"@type":"SearchAction","target":{"@type":"EntryPoint","urlTemplate":"http:\/\/digimax.md\/ru\/?s={search_term_string}"},"query-input":{"@type":"PropertyValueSpecification","valueRequired":true,"valueName":"search_term_string"}}],"inLanguage":"ru-RU"}]}},"brands":[],"_links":{"self":[{"href":"http:\/\/digimax.md\/ru\/wp-json\/wp\/v2\/product\/1324","targetHints":{"allow":["GET"]}}],"collection":[{"href":"http:\/\/digimax.md\/ru\/wp-json\/wp\/v2\/product"}],"about":[{"href":"http:\/\/digimax.md\/ru\/wp-json\/wp\/v2\/types\/product"}],"wp:featuredmedia":[{"embeddable":true,"href":"http:\/\/digimax.md\/ru\/wp-json\/wp\/v2\/media\/1328"}],"wp:attachment":[{"href":"http:\/\/digimax.md\/ru\/wp-json\/wp\/v2\/media?parent=1324"}],"wp:term":[{"taxonomy":"pwb-brand","embeddable":true,"href":"http:\/\/digimax.md\/ru\/wp-json\/wp\/v2\/pwb-brand?post=1324"},{"taxonomy":"product_brand","embeddable":true,"href":"http:\/\/digimax.md\/ru\/wp-json\/wp\/v2\/product_brand?post=1324"},{"taxonomy":"product_cat","embeddable":true,"href":"http:\/\/digimax.md\/ru\/wp-json\/wp\/v2\/product_cat?post=1324"},{"taxonomy":"product_tag","embeddable":true,"href":"http:\/\/digimax.md\/ru\/wp-json\/wp\/v2\/product_tag?post=1324"}],"curies":[{"name":"wp","href":"https:\/\/api.w.org\/{rel}","templated":true}]}}